{"id":5550,"date":"2016-12-03T15:08:37","date_gmt":"2016-12-03T15:08:37","guid":{"rendered":"http:\/\/demo.wpzoom.com\/inspiro\/?page_id=5550"},"modified":"2022-11-07T14:58:34","modified_gmt":"2022-11-07T14:58:34","slug":"inicio","status":"publish","type":"page","link":"https:\/\/www.nd-3d.com\/en\/inicio\/","title":{"rendered":"Sobre"},"content":{"rendered":"<h3>\n\t\t\t\t\tND3D\n\t\t\t\t<\/h3>\n\t<p>We\u2019ve been active in the real estate market from 1998 onwards. In the last years ND 3D Image & Film services have succeeded in proving notorious usefulness in what concerns the real estate marketing sector, as well as in the neighbor areas, like construction, architecture and engineering. With our 3D image and film services, our clients are able to experience the best there is in virtual communication support devices, specially thought for the real estate market.<\/p>\n<p>We certify the excellence of the support to the marketing and promotional campaigns we are responsible for. The projects we\u2019ve accomplished up to now endorse our efforts and knowledge as effective help to our clients. Your profit will be our constant goal. We have visibly contributed to the making of such business. Our high quality services have been widely recognized in Portugal and abroad.<\/p>\n\t\t\t<a href=\"https:\/\/youtu.be\/EuKs0kdWeYk\" target=\"_self\" role=\"button\" data-popup-type=\"iframe\" rel=\"noopener noreferrer\">\n\t\t\t\t\t\tWatch Showreel\n\t\t<\/a>\n\t<strong>What do we do?<\/strong><br \/>\n3D images, 360\u00ba virtual visits and promotional films for the architecture, civil engineering and real estate sector.\n<strong>Why 3D images and films?<\/strong><br \/>\nDo you want to sell your ideas still in project? Use our services and make business before the construction of your venture starts. Use our experience as a competitive advantage over your competitors and win notoriety in the presentation of your product.\n<strong>How do we do it?<\/strong><br \/>\nAccording to the architectural project, we will built your project in 3D. ND 3D Image & Film team joins together the best professionals that such a multi-directed area must depend on: Architects, Designers and Computer Engineers.\n<p>By means of this assemblage of knowledge and experience, we actually can produce the very best there is today in the CG area for architectural visualization.<\/p>\n<p>We can easily show you the final aspect of your venture, interiors, exteriors, finishing\u2019s, luminosity, decoration and much more.<\/p>\n\t<h3>\n\t\t\t\t\tClients\n\t\t\t\t<\/h3>\n\tABERTIS Log\u00edstica, SA<br \/>\nAQUAFITNESS, Health Clubs<br \/>\nALVES RIBEIRO, SA<br \/>\nALGARVE PROPERTY CONCEPT, SA<br \/>\nALRISA, SA<br \/>\nALTO DA COTOVIA<br \/>\nBELA ALFAMA<br \/>\nAREACOR<br \/>\nADEQUATE PRIORITY<br \/>\nBUMPER INVESTMENTS FRANCE<br \/>\nCMA \u2013 C\u00e2mara Municipal de Almada<br \/>\nCENTURY 21<br \/>\nJLL Jones Lang LaSalle<br \/>\nCONSTRUCIV, Constru\u00e7\u00f5es Civis, Lda<br \/>\nCOMPANHIA DAS OBRAS<br \/>\nDMF &#8211; Engenharia<br \/>\nEAIRY PROPERTIES \u2013 Desen. Urban\u00edstico, Lda.<br \/>\nENTREPLANOS &#8211; Arquitectura<br \/>\nFECO Constru\u00e7\u00f5es, Lda.<br \/>\nCompanhia de Seguros Tranquilidade<br \/>\nGRUPO ASANTO<br \/>\nGRUPO CGD<br \/>\nGRUPO CERTUS<br \/>\nGRUPO SIMBIOSE<br \/>\nGRUPO TURIM<br \/>\nGRUPO CASAIS<br \/>\nGRUPO LIBERTAS<br \/>\nHABISURF &#8211; promo\u00e7\u00e3o imobili\u00e1ria<br \/>\nIMOBRAS \u2013 Imobili\u00e1ria Brasileira de Constru\u00e7\u00f5es S.A.<br \/>\nIMOCASAIS<br \/>\nIMOPREDIAL \u2013 Sociedade de Media\u00e7\u00e3o Imobili\u00e1ria, Lda.<br \/>\nINTERJUMBRIA<br \/>\nIDEIAS ASSOCIADAS<br \/>\nFREISANTOS<br \/>\nJOANA VASCONCELOS<br \/>\nRODRIFIL<br \/>\nRE\u00daNIA &#8211; Gest\u00e3o de activos imobili\u00e1rios<br \/>\nIMPOR\u00c1FRICA\n\tM\u00c1RIO MARTINS &#8211; Atelier<br \/>\nM2PR \u2013 Promo\u00e7\u00e3o de Auto-Constru\u00e7\u00e3o Imobili\u00e1ria, Lda.<br \/>\nMOTA ENGIL Engenharia<br \/>\nMOTA ENGIL Real Estate<br \/>\nMONTITERRAS, SA<br \/>\nMETRO SUL DO TEJO<br \/>\nMACLE, SA<br \/>\nNNN Engenharia e Constru\u00e7\u00e3o Civil, Lda.<br \/>\nNEVES E ROBALO \u2013 Compra e Venda de Im\u00f3veis, Lda.<br \/>\nPAN\u00d3PLIA URBANA<br \/>\nPALGEST \u2013 Empreendimentos Imobili\u00e1rios, Lda.<br \/>\nPLANBELAS \u2013 Belas Clube de Campo.<br \/>\nPORTUGAL INVESTE \u2013 Media\u00e7\u00e3o Imobili\u00e1ria<br \/>\nPORTA DA FRENTE<br \/>\nPROJECTO K<br \/>\nREMAX<br \/>\nRODRIGUES E VERMELHO<br \/>\nSANTO SGPS<br \/>\nSCALLA \u2013 Media\u00e7\u00e3o Imobili\u00e1ria<br \/>\nSOCIEDADE DE CONSTRU\u00c7\u00d5ES S\u00c3O JOANICO, LDA.<br \/>\nSOCIEDADE HOTELEIRA DO AREZ<br \/>\nSONELINVESTE<br \/>\nSTUDIO ASTOLFI<br \/>\nTRICOS SGPS<br \/>\nTRIMOTAG<br \/>\nURHOME PORTUGAL<br \/>\nMETROURBE<br \/>\nIMOCRESCENTE<br \/>\nINICIATIVA PR\u00d3PRIA<br \/>\nAMOREIRAS CENTER, SA<br \/>\nJOS\u00c9 AB\u00cdLIO, Arquitectos, LDA<br \/>\nOMATOPALO<br \/>\nFORD LUSITANA, SA<br \/>\nFORDESI, SA","protected":false},"excerpt":{"rendered":"<p>ND3D Presente no apoio ao mercado imobili\u00e1rio desde 1998, a ND Imagem e Filme 3D, presta servi\u00e7os aos profissionais da promo\u00e7\u00e3o imobili\u00e1ria, constru\u00e7\u00e3o, arquitetura e engenharia. Atrav\u00e9s dos servi\u00e7os de imagem e filme 3D, disponibilizamos aos nossos clientes a visualiza\u00e7\u00e3o 3D dos seus empreendimentos ainda em fase de estudo ou [&hellip;]<\/p>","protected":false},"author":1,"featured_media":0,"parent":0,"menu_order":0,"comment_status":"closed","ping_status":"closed","template":"page-templates\/homepage-builder.php","meta":[],"_links":{"self":[{"href":"https:\/\/www.nd-3d.com\/en\/wp-json\/wp\/v2\/pages\/5550"}],"collection":[{"href":"https:\/\/www.nd-3d.com\/en\/wp-json\/wp\/v2\/pages"}],"about":[{"href":"https:\/\/www.nd-3d.com\/en\/wp-json\/wp\/v2\/types\/page"}],"author":[{"embeddable":true,"href":"https:\/\/www.nd-3d.com\/en\/wp-json\/wp\/v2\/users\/1"}],"replies":[{"embeddable":true,"href":"https:\/\/www.nd-3d.com\/en\/wp-json\/wp\/v2\/comments?post=5550"}],"version-history":[{"count":37,"href":"https:\/\/www.nd-3d.com\/en\/wp-json\/wp\/v2\/pages\/5550\/revisions"}],"predecessor-version":[{"id":6802,"href":"https:\/\/www.nd-3d.com\/en\/wp-json\/wp\/v2\/pages\/5550\/revisions\/6802"}],"wp:attachment":[{"href":"https:\/\/www.nd-3d.com\/en\/wp-json\/wp\/v2\/media?parent=5550"}],"curies":[{"name":"wp","href":"https:\/\/api.w.org\/{rel}","templated":true}]}}